{"id":2,"date":"2025-06-05T22:56:08","date_gmt":"2025-06-05T22:56:08","guid":{"rendered":"http:\/\/localhost\/blogPT\/?page_id=2"},"modified":"2025-07-10T19:49:02","modified_gmt":"2025-07-10T19:49:02","slug":"acerca","status":"publish","type":"page","link":"http:\/\/148.202.195.118\/blogPT\/index.php\/acerca\/","title":{"rendered":"Acerca de"},"content":{"rendered":"\n<p class=\"has-text-align-left\">Este blog es administrado por la Unidad de Servicios T\u00e9cnicos del Sistema de Bibliotecas de la Universidad de Guadalajara y est\u00e1 dirigido particularmente a la comunidad de bibliotecarios que realiza funciones de catalogaci\u00f3n y en general para todo el personal de bibliotecas de la Universidad de Guadalajara interesado en esta fundamental labor bibliotecaria.<\/p>\n\n\n\n<p class=\"has-text-align-left\">Su prop\u00f3sito es brindar informaci\u00f3n sobre fundamentos, pol\u00edticas, mejores pr\u00e1cticas y materiales t\u00e9cnicos que sirvan a la catalogaci\u00f3n en el Sistema de Bibliotecas UdeG, as\u00ed como informar sobre las actualizaciones en la materia, las cuales se conocer\u00e1n en las entradas de este blog, a la vez que se har\u00e1 la actualizaci\u00f3n en documentos que correspondan.<\/p>\n\n\n\n<p class=\"has-text-align-left\">A los interesados que por primera vez ingresen a este sitio se les sugiere entrar al men\u00fa de Documentos, cuyos contenidos constituyen recursos de consulta permanentes, que pueden servir tanto a catalogadores con experiencia, como a los que se inician en esta funci\u00f3n. Es parte del prop\u00f3sito de este sitio servir como complemento para la actualizaci\u00f3n y \/o capacitaci\u00f3n en materia de catalogaci\u00f3n.<\/p>\n\n\n\n<p class=\"has-text-align-left\">Es importante recibir la retroalimentaci\u00f3n del personal de catalogaci\u00f3n, por lo que se pone a su disposici\u00f3n el correo de contacto.  <\/p>\n\n\n\n<p class=\"has-text-align-left\">Las pol\u00edticas y otros documentos que aqu\u00ed se presentan han sido revisadas y aprobadas por la Comisi\u00f3n Consultiva de Control Bibliogr\u00e1fico del SIUBI y varios de estos documentos han sido creados por miembros de dicha Comisi\u00f3n, ya sea de manera individual o en forma colaborativa.  En todo caso a cada uno de ellos se reconoce y valora su aportaci\u00f3n.<\/p>\n\n\n\n<p class=\"has-text-align-left\">Las pol\u00edticas y otros lineamientos acordados por la Comisi\u00f3n podr\u00e1n ser actualizados o\/y mejorados en la medida de lo necesario, seg\u00fan se observe en la pr\u00e1ctica y tomando en consideraci\u00f3n la retroalimentaci\u00f3n de los propios catalogadores del Sistema de Bibliotecas.<\/p>\n\n\n\n<p><strong>Sobre la Comisi\u00f3n Consultiva de Control Bibliogr\u00e1fico.<\/strong><\/p>\n\n\n\n<p>Sus funciones: <\/p>\n\n\n\n<p>+ Estudiar y proponer la adaptaci\u00f3n de las normas catalogr\u00e1ficas internacionales a las necesidades y caracter\u00edsticas del Sistema Universitario de Bibliotecas de la Universidad de Guadalajara<br>+ Proponer prioridades en las labores de adecuaci\u00f3n de la normativa de catalogaci\u00f3n bibliogr\u00e1fica.<br>+ Puede crear en su seno subcomisiones t\u00e9cnicas para la realizaci\u00f3n de adaptaciones, concreciones, revisiones y traducciones de la normativa de catalogaci\u00f3n.<\/p>\n\n\n\n<p>+ Proponer perfiles de competencias y su actualizaci\u00f3n, para las funciones de catalogaci\u00f3n. Lo que contribuye a una mejor capacitaci\u00f3n y evaluaci\u00f3n de competencias, y cuyo resultado final debe ser la optimizaci\u00f3n de las funciones y calidad de los cat\u00e1logos de bibliotecas.<\/p>\n\n\n\n<p>+ Proponer las mejores pr\u00e1cticas y procedimientos para la mejora en las diferentes tareas y procedimientos de los procesos t\u00e9cnicos, y en particular todo lo relacionado al control bibliogr\u00e1fico del Sistema de Bibliotecas.<\/p>\n\n\n\n<p><strong>Quienes integran la Comisi\u00f3n:<\/strong><\/p>\n\n\n\n<p>Presidente: Sergio L\u00f3pez Ruelas.- Director del Sistema de Bibliotecas de la Universidad de Guadalajara<\/p>\n\n\n\n<p>Miembros presentes y pasados de la Comisi\u00f3n Consultiva de Control Bibliogr\u00e1fico:  (por orden alfab\u00e9tico del primer apellido)<\/p>\n\n\n\n<p>Ram\u00f3n A. Arellano Pe\u00f1a<\/p>\n\n\n\n<p>Francisco J. Cadena M\u00e9ndez<\/p>\n\n\n\n<p>Armando D. Ceja Romero<\/p>\n\n\n\n<p>Roberto D\u00edaz Mares  (Coordinador de la Comisi\u00f3n)<\/p>\n\n\n\n<p>Erika L\u00f3pez Campos<\/p>\n\n\n\n<p>Hugo E. Medina Mosqueda<\/p>\n\n\n\n<p>Geisel Merino Z\u00fa\u00f1iga<\/p>\n\n\n\n<p>Celia I. Orozco Delgado<\/p>\n\n\n\n<p>Tania Padilla Mart\u00ednez<\/p>\n\n\n\n<p>Jos\u00e9 V. Padilla Ruvalcaba<\/p>\n\n\n\n<p>Sonia S\u00e1nchez Garc\u00eda<\/p>\n\n\n\n<p>Ana I. Trejo Rodr\u00edguez<\/p>\n\n\n\n<p>Julia M. Valdivia \u00c1lvarez<\/p>\n\n\n\n<p><\/p>\n\n\n\n<p><\/p>\n\n\n\n<p><\/p>\n\n\n\n<p><\/p>\n\n\n\n<p><\/p>\n","protected":false},"excerpt":{"rendered":"<p>Este blog es administrado por la Unidad de Servicios T\u00e9cnicos del Sistema de Bibliotecas de la Universidad de Guadalajara y est\u00e1 dirigido particularmente a la comunidad de bibliotecarios que realiza funciones de catalogaci\u00f3n y en general para todo el personal de bibliotecas de la Universidad de Guadalajara interesado en esta fundamental labor bibliotecaria. Su prop\u00f3sito [&hellip;]<\/p>\n","protected":false},"author":1,"featured_media":0,"parent":0,"menu_order":0,"comment_status":"closed","ping_status":"open","template":"","meta":{"footnotes":""},"class_list":["post-2","page","type-page","status-publish","hentry"],"blocksy_meta":[],"_links":{"self":[{"href":"http:\/\/148.202.195.118\/blogPT\/index.php\/wp-json\/wp\/v2\/pages\/2","targetHints":{"allow":["GET"]}}],"collection":[{"href":"http:\/\/148.202.195.118\/blogPT\/index.php\/wp-json\/wp\/v2\/pages"}],"about":[{"href":"http:\/\/148.202.195.118\/blogPT\/index.php\/wp-json\/wp\/v2\/types\/page"}],"author":[{"embeddable":true,"href":"http:\/\/148.202.195.118\/blogPT\/index.php\/wp-json\/wp\/v2\/users\/1"}],"replies":[{"embeddable":true,"href":"http:\/\/148.202.195.118\/blogPT\/index.php\/wp-json\/wp\/v2\/comments?post=2"}],"version-history":[{"count":21,"href":"http:\/\/148.202.195.118\/blogPT\/index.php\/wp-json\/wp\/v2\/pages\/2\/revisions"}],"predecessor-version":[{"id":161,"href":"http:\/\/148.202.195.118\/blogPT\/index.php\/wp-json\/wp\/v2\/pages\/2\/revisions\/161"}],"wp:attachment":[{"href":"http:\/\/148.202.195.118\/blogPT\/index.php\/wp-json\/wp\/v2\/media?parent=2"}],"curies":[{"name":"wp","href":"https:\/\/api.w.org\/{rel}","templated":true}]}}