{"id":20,"date":"2025-06-13T19:03:13","date_gmt":"2025-06-13T19:03:13","guid":{"rendered":"http:\/\/148.202.195.118\/blogPT\/?page_id=20"},"modified":"2025-06-13T19:26:49","modified_gmt":"2025-06-13T19:26:49","slug":"diferencias-rda-y-rcaa2","status":"publish","type":"page","link":"http:\/\/148.202.195.118\/blogPT\/index.php\/diferencias-rda-y-rcaa2\/","title":{"rendered":"Diferencias entre RDA y RCAA2"},"content":{"rendered":"\n<p>Aqu\u00ed encontrar\u00e1s recursos que explican las diferencias, correspondencias y cambios entre RCAA2 y RDA, \u00fatiles para bibliotecarios.<\/p>\n\n\n\n<ul class=\"wp-block-list\">\n<li>\ud83d\udcd8 <a href=\"http:\/\/148.202.195.118\/blogPT\/wp-content\/uploads\/2025\/06\/En-donde-vemos-los-cambios-RCAA2-a-RDA.pdf\" data-type=\"link\" data-id=\"http:\/\/148.202.195.118\/blogPT\/wp-content\/uploads\/2025\/06\/En-donde-vemos-los-cambios-RCAA2-a-RDA.pdf\" target=\"_blank\" rel=\"noreferrer noopener\">\u00bfEn d\u00f3nde vemos los cambios en RCAA2 a RDA?<\/a><\/li>\n\n\n\n<li>\ud83d\udcd9 <a href=\"http:\/\/148.202.195.118\/blogPT\/wp-content\/uploads\/2025\/06\/CORRESPONDENCIA-ABREVIATURAS-RCAA2-CON-RDA.pdf\" data-type=\"link\" data-id=\"http:\/\/148.202.195.118\/blogPT\/wp-content\/uploads\/2025\/06\/CORRESPONDENCIA-ABREVIATURAS-RCAA2-CON-RDA.pdf\" target=\"_blank\" rel=\"noreferrer noopener\">Correspondencia de las abreviaturas m\u00e1s comunes de RCAA2 \/ RDA<\/a><\/li>\n\n\n\n<li>\ud83d\udcd5 <a href=\"http:\/\/148.202.195.118\/blogPT\/wp-content\/uploads\/2025\/06\/COMPARACION-RCAA2-VS-RDA.pdf\" data-type=\"link\" data-id=\"http:\/\/148.202.195.118\/blogPT\/wp-content\/uploads\/2025\/06\/COMPARACION-RCAA2-VS-RDA.pdf\" target=\"_blank\" rel=\"noreferrer noopener\">Pincipales diferencias entre RCAA2 y RDA<\/a><\/li>\n<\/ul>\n\n\n\n<p><\/p>\n","protected":false},"excerpt":{"rendered":"<p>Aqu\u00ed encontrar\u00e1s recursos que explican las diferencias, correspondencias y cambios entre RCAA2 y RDA, \u00fatiles para bibliotecarios.<\/p>\n","protected":false},"author":1,"featured_media":0,"parent":0,"menu_order":0,"comment_status":"closed","ping_status":"closed","template":"","meta":{"footnotes":""},"class_list":["post-20","page","type-page","status-publish","hentry"],"blocksy_meta":[],"_links":{"self":[{"href":"http:\/\/148.202.195.118\/blogPT\/index.php\/wp-json\/wp\/v2\/pages\/20","targetHints":{"allow":["GET"]}}],"collection":[{"href":"http:\/\/148.202.195.118\/blogPT\/index.php\/wp-json\/wp\/v2\/pages"}],"about":[{"href":"http:\/\/148.202.195.118\/blogPT\/index.php\/wp-json\/wp\/v2\/types\/page"}],"author":[{"embeddable":true,"href":"http:\/\/148.202.195.118\/blogPT\/index.php\/wp-json\/wp\/v2\/users\/1"}],"replies":[{"embeddable":true,"href":"http:\/\/148.202.195.118\/blogPT\/index.php\/wp-json\/wp\/v2\/comments?post=20"}],"version-history":[{"count":3,"href":"http:\/\/148.202.195.118\/blogPT\/index.php\/wp-json\/wp\/v2\/pages\/20\/revisions"}],"predecessor-version":[{"id":28,"href":"http:\/\/148.202.195.118\/blogPT\/index.php\/wp-json\/wp\/v2\/pages\/20\/revisions\/28"}],"wp:attachment":[{"href":"http:\/\/148.202.195.118\/blogPT\/index.php\/wp-json\/wp\/v2\/media?parent=20"}],"curies":[{"name":"wp","href":"https:\/\/api.w.org\/{rel}","templated":true}]}}